{"id":1206,"date":"2023-06-22T14:16:47","date_gmt":"2023-06-22T14:16:47","guid":{"rendered":"http:\/\/web306.whg-server02.de\/wordpress\/?page_id=1206"},"modified":"2023-06-22T14:17:36","modified_gmt":"2023-06-22T14:17:36","slug":"impressum","status":"publish","type":"page","link":"https:\/\/renatejessen.de\/index.php\/impressum\/","title":{"rendered":"Impressum"},"content":{"rendered":"\t\t<div data-elementor-type=\"wp-page\" data-elementor-id=\"1206\" class=\"elementor elementor-1206\">\n\t\t\t\t\t\t<section class=\"elementor-section elementor-top-section elementor-element elementor-element-67a5ba7 elementor-section-boxed elementor-section-height-default elementor-section-height-default\" data-id=\"67a5ba7\" data-element_type=\"section\">\n\t\t\t\t\t\t<div class=\"elementor-container elementor-column-gap-default\">\n\t\t\t\t\t<div class=\"elementor-column elementor-col-100 elementor-top-column elementor-element elementor-element-a56b786\" data-id=\"a56b786\" data-element_type=\"column\">\n\t\t\t<div class=\"elementor-widget-wrap elementor-element-populated\">\n\t\t\t\t\t\t<div class=\"elementor-element elementor-element-97ae46a elementor-widget elementor-widget-heading\" data-id=\"97ae46a\" data-element_type=\"widget\" data-widget_type=\"heading.default\">\n\t\t\t\t<div class=\"elementor-widget-container\">\n\t\t\t\t\t<h2 class=\"elementor-heading-title elementor-size-default\">Impressum<\/h2>\t\t\t\t<\/div>\n\t\t\t\t<\/div>\n\t\t\t\t\t<\/div>\n\t\t<\/div>\n\t\t\t\t\t<\/div>\n\t\t<\/section>\n\t\t\t\t<section class=\"elementor-section elementor-top-section elementor-element elementor-element-ca95b04 elementor-section-boxed elementor-section-height-default elementor-section-height-default\" data-id=\"ca95b04\" data-element_type=\"section\">\n\t\t\t\t\t\t<div class=\"elementor-container elementor-column-gap-default\">\n\t\t\t\t\t<div class=\"elementor-column elementor-col-100 elementor-top-column elementor-element elementor-element-241bd12\" data-id=\"241bd12\" data-element_type=\"column\">\n\t\t\t<div class=\"elementor-widget-wrap elementor-element-populated\">\n\t\t\t\t\t\t<div class=\"elementor-element elementor-element-6f44b62 elementor-widget elementor-widget-text-editor\" data-id=\"6f44b62\" data-element_type=\"widget\" data-widget_type=\"text-editor.default\">\n\t\t\t\t<div class=\"elementor-widget-container\">\n\t\t\t\t\t\t\t\t\t<p>Renate A. Jessen \u2013 Psychologische Intervention<br \/>An der Beek 10, 22946 Dahmker<br \/>Telefon 04154 8042544<br \/>Mobil 0162 971 10 60<br \/><a class=\"mail_text\" href=\"mailto:%20kontakt@renatejessen.de\">kontakt@renatejessen.de<\/a><br \/><br \/>Die Inhalte dieser Homepage sind urheberrechtlich gesch\u00fctzt.<br \/>Trotz sorgf\u00e4ltiger inhaltlicher Kontrolle \u00fcbernehmen wir keine Haftung f\u00fcr die Inhalte externer Links. F\u00fcr den Inhalt der verlinkten Seiten sind ausschlie\u00dflich deren Betreiber verantwortlich.<br \/><i>\u00a9 Renate A. Jessen 2011<\/i><br \/><br \/>Gestaltung: Nicole Alpers \u2013\u00a0<a class=\"mail_text\" href=\"http:\/\/www.xkontor.net\/\" target=\"_blank\" rel=\"noopener\">www.xkontor.net<\/a><br \/>Programmierung: Henry Blyze \u2013\u00a0<a class=\"mail_text\" href=\"http:\/\/www.blyze.de\/\" target=\"_blank\" rel=\"noopener\">www.blyze.de<\/a><\/p>\t\t\t\t\t\t\t\t<\/div>\n\t\t\t\t<\/div>\n\t\t\t\t\t<\/div>\n\t\t<\/div>\n\t\t\t\t\t<\/div>\n\t\t<\/section>\n\t\t\t\t<\/div>\n\t\t","protected":false},"excerpt":{"rendered":"<p>Impressum Renate A. Jessen \u2013 Psychologische InterventionAn der Beek 10, 22946 DahmkerTelefon 04154 8042544Mobil 0162 971 10 60kontakt@renatejessen.de Die Inhalte dieser Homepage sind urheberrechtlich gesch\u00fctzt.Trotz sorgf\u00e4ltiger inhaltlicher Kontrolle \u00fcbernehmen wir keine Haftung f\u00fcr die Inhalte externer Links. F\u00fcr den Inhalt der verlinkten Seiten sind ausschlie\u00dflich deren Betreiber verantwortlich.\u00a9 Renate A. Jessen 2011 Gestaltung: Nicole Alpers &hellip;<\/p>\n<p class=\"read-more\"> <a class=\"\" href=\"https:\/\/renatejessen.de\/index.php\/impressum\/\"> <span class=\"screen-reader-text\">Impressum<\/span> Weiterlesen &raquo;<\/a><\/p>\n","protected":false},"author":1,"featured_media":0,"parent":0,"menu_order":0,"comment_status":"closed","ping_status":"closed","template":"","meta":{"site-sidebar-layout":"no-sidebar","site-content-layout":"page-builder","ast-global-header-display":"","ast-banner-title-visibility":"","ast-main-header-display":"","ast-hfb-above-header-display":"","ast-hfb-below-header-display":"","ast-hfb-mobile-header-display":"","site-post-title":"disabled","ast-breadcrumbs-content":"","ast-featured-img":"disabled","footer-sml-layout":"","theme-transparent-header-meta":"","adv-header-id-meta":"","stick-header-meta":"","header-above-stick-meta":"","header-main-stick-meta":"","header-below-stick-meta":"","footnotes":""},"class_list":["post-1206","page","type-page","status-publish","hentry"],"_links":{"self":[{"href":"https:\/\/renatejessen.de\/index.php\/wp-json\/wp\/v2\/pages\/1206","targetHints":{"allow":["GET"]}}],"collection":[{"href":"https:\/\/renatejessen.de\/index.php\/wp-json\/wp\/v2\/pages"}],"about":[{"href":"https:\/\/renatejessen.de\/index.php\/wp-json\/wp\/v2\/types\/page"}],"author":[{"embeddable":true,"href":"https:\/\/renatejessen.de\/index.php\/wp-json\/wp\/v2\/users\/1"}],"replies":[{"embeddable":true,"href":"https:\/\/renatejessen.de\/index.php\/wp-json\/wp\/v2\/comments?post=1206"}],"version-history":[{"count":4,"href":"https:\/\/renatejessen.de\/index.php\/wp-json\/wp\/v2\/pages\/1206\/revisions"}],"predecessor-version":[{"id":1210,"href":"https:\/\/renatejessen.de\/index.php\/wp-json\/wp\/v2\/pages\/1206\/revisions\/1210"}],"wp:attachment":[{"href":"https:\/\/renatejessen.de\/index.php\/wp-json\/wp\/v2\/media?parent=1206"}],"curies":[{"name":"wp","href":"https:\/\/api.w.org\/{rel}","templated":true}]}}