{"id":1290,"date":"2023-06-27T12:59:42","date_gmt":"2023-06-27T12:59:42","guid":{"rendered":"http:\/\/web306.whg-server02.de\/wordpress\/?page_id=1290"},"modified":"2023-08-03T10:48:27","modified_gmt":"2023-08-03T10:48:27","slug":"psychologische-intervention","status":"publish","type":"page","link":"https:\/\/renatejessen.de\/index.php\/psychologische-intervention\/","title":{"rendered":"Psychologische Intervention"},"content":{"rendered":"\t\t<div data-elementor-type=\"wp-page\" data-elementor-id=\"1290\" class=\"elementor elementor-1290\">\n\t\t\t\t\t\t<section class=\"elementor-section elementor-top-section elementor-element elementor-element-9451713 elementor-section-height-min-height elementor-section-boxed elementor-section-height-default elementor-section-items-middle\" data-id=\"9451713\" data-element_type=\"section\" data-settings=\"{&quot;background_background&quot;:&quot;classic&quot;,&quot;shape_divider_bottom&quot;:&quot;wave-brush&quot;}\">\n\t\t\t\t\t\t\t<div class=\"elementor-background-overlay\"><\/div>\n\t\t\t\t\t\t<div class=\"elementor-shape elementor-shape-bottom\" aria-hidden=\"true\" data-negative=\"false\">\n\t\t\t<svg xmlns=\"http:\/\/www.w3.org\/2000\/svg\" viewBox=\"0 0 283.5 27.8\" preserveAspectRatio=\"none\">\n\t<path class=\"elementor-shape-fill\" d=\"M283.5,9.7c0,0-7.3,4.3-14,4.6c-6.8,0.3-12.6,0-20.9-1.5c-11.3-2-33.1-10.1-44.7-5.7\ts-12.1,4.6-18,7.4c-6.6,3.2-20,9.6-36.6,9.3C131.6,23.5,99.5,7.2,86.3,8c-1.4,0.1-6.6,0.8-10.5,2c-3.8,1.2-9.4,3.8-17,4.7\tc-3.2,0.4-8.3,1.1-14.2,0.9c-1.5-0.1-6.3-0.4-12-1.6c-5.7-1.2-11-3.1-15.8-3.7C6.5,9.2,0,10.8,0,10.8V0h283.5V9.7z M260.8,11.3\tc-0.7-1-2-0.4-4.3-0.4c-2.3,0-6.1-1.2-5.8-1.1c0.3,0.1,3.1,1.5,6,1.9C259.7,12.2,261.4,12.3,260.8,11.3z M242.4,8.6\tc0,0-2.4-0.2-5.6-0.9c-3.2-0.8-10.3-2.8-15.1-3.5c-8.2-1.1-15.8,0-15.1,0.1c0.8,0.1,9.6-0.6,17.6,1.1c3.3,0.7,9.3,2.2,12.4,2.7\tC239.9,8.7,242.4,8.6,242.4,8.6z M185.2,8.5c1.7-0.7-13.3,4.7-18.5,6.1c-2.1,0.6-6.2,1.6-10,2c-3.9,0.4-8.9,0.4-8.8,0.5\tc0,0.2,5.8,0.8,11.2,0c5.4-0.8,5.2-1.1,7.6-1.6C170.5,14.7,183.5,9.2,185.2,8.5z M199.1,6.9c0.2,0-0.8-0.4-4.8,1.1\tc-4,1.5-6.7,3.5-6.9,3.7c-0.2,0.1,3.5-1.8,6.6-3C197,7.5,199,6.9,199.1,6.9z M283,6c-0.1,0.1-1.9,1.1-4.8,2.5s-6.9,2.8-6.7,2.7\tc0.2,0,3.5-0.6,7.4-2.5C282.8,6.8,283.1,5.9,283,6z M31.3,11.6c0.1-0.2-1.9-0.2-4.5-1.2s-5.4-1.6-7.8-2C15,7.6,7.3,8.5,7.7,8.6\tC8,8.7,15.9,8.3,20.2,9.3c2.2,0.5,2.4,0.5,5.7,1.6S31.2,11.9,31.3,11.6z M73,9.2c0.4-0.1,3.5-1.6,8.4-2.6c4.9-1.1,8.9-0.5,8.9-0.8\tc0-0.3-1-0.9-6.2-0.3S72.6,9.3,73,9.2z M71.6,6.7C71.8,6.8,75,5.4,77.3,5c2.3-0.3,1.9-0.5,1.9-0.6c0-0.1-1.1-0.2-2.7,0.2\tC74.8,5.1,71.4,6.6,71.6,6.7z M93.6,4.4c0.1,0.2,3.5,0.8,5.6,1.8c2.1,1,1.8,0.6,1.9,0.5c0.1-0.1-0.8-0.8-2.4-1.3\tC97.1,4.8,93.5,4.2,93.6,4.4z M65.4,11.1c-0.1,0.3,0.3,0.5,1.9-0.2s2.6-1.3,2.2-1.2s-0.9,0.4-2.5,0.8C65.3,10.9,65.5,10.8,65.4,11.1\tz M34.5,12.4c-0.2,0,2.1,0.8,3.3,0.9c1.2,0.1,2,0.1,2-0.2c0-0.3-0.1-0.5-1.6-0.4C36.6,12.8,34.7,12.4,34.5,12.4z M152.2,21.1\tc-0.1,0.1-2.4-0.3-7.5-0.3c-5,0-13.6-2.4-17.2-3.5c-3.6-1.1,10,3.9,16.5,4.1C150.5,21.6,152.3,21,152.2,21.1z\"\/>\n\t<path class=\"elementor-shape-fill\" d=\"M269.6,18c-0.1-0.1-4.6,0.3-7.2,0c-7.3-0.7-17-3.2-16.6-2.9c0.4,0.3,13.7,3.1,17,3.3\tC267.7,18.8,269.7,18,269.6,18z\"\/>\n\t<path class=\"elementor-shape-fill\" d=\"M227.4,9.8c-0.2-0.1-4.5-1-9.5-1.2c-5-0.2-12.7,0.6-12.3,0.5c0.3-0.1,5.9-1.8,13.3-1.2\tS227.6,9.9,227.4,9.8z\"\/>\n\t<path class=\"elementor-shape-fill\" d=\"M204.5,13.4c-0.1-0.1,2-1,3.2-1.1c1.2-0.1,2,0,2,0.3c0,0.3-0.1,0.5-1.6,0.4\tC206.4,12.9,204.6,13.5,204.5,13.4z\"\/>\n\t<path class=\"elementor-shape-fill\" d=\"M201,10.6c0-0.1-4.4,1.2-6.3,2.2c-1.9,0.9-6.2,3.1-6.1,3.1c0.1,0.1,4.2-1.6,6.3-2.6\tS201,10.7,201,10.6z\"\/>\n\t<path class=\"elementor-shape-fill\" d=\"M154.5,26.7c-0.1-0.1-4.6,0.3-7.2,0c-7.3-0.7-17-3.2-16.6-2.9c0.4,0.3,13.7,3.1,17,3.3\tC152.6,27.5,154.6,26.8,154.5,26.7z\"\/>\n\t<path class=\"elementor-shape-fill\" d=\"M41.9,19.3c0,0,1.2-0.3,2.9-0.1c1.7,0.2,5.8,0.9,8.2,0.7c4.2-0.4,7.4-2.7,7-2.6\tc-0.4,0-4.3,2.2-8.6,1.9c-1.8-0.1-5.1-0.5-6.7-0.4S41.9,19.3,41.9,19.3z\"\/>\n\t<path class=\"elementor-shape-fill\" d=\"M75.5,12.6c0.2,0.1,2-0.8,4.3-1.1c2.3-0.2,2.1-0.3,2.1-0.5c0-0.1-1.8-0.4-3.4,0\tC76.9,11.5,75.3,12.5,75.5,12.6z\"\/>\n\t<path class=\"elementor-shape-fill\" d=\"M15.6,13.2c0-0.1,4.3,0,6.7,0.5c2.4,0.5,5,1.9,5,2c0,0.1-2.7-0.8-5.1-1.4\tC19.9,13.7,15.7,13.3,15.6,13.2z\"\/>\n<\/svg>\t\t<\/div>\n\t\t\t\t\t<div class=\"elementor-container elementor-column-gap-default\">\n\t\t\t\t\t<div class=\"elementor-column elementor-col-100 elementor-top-column elementor-element elementor-element-c161d61 envato-kit-62-home\" data-id=\"c161d61\" data-element_type=\"column\" data-settings=\"{&quot;background_background&quot;:&quot;classic&quot;}\">\n\t\t\t<div class=\"elementor-widget-wrap elementor-element-populated\">\n\t\t\t\t\t\t<div class=\"elementor-element elementor-element-96802b8 elementor-widget elementor-widget-heading\" data-id=\"96802b8\" data-element_type=\"widget\" data-widget_type=\"heading.default\">\n\t\t\t\t<div class=\"elementor-widget-container\">\n\t\t\t\t\t<h1 class=\"elementor-heading-title elementor-size-default\">Psychologische Intervention<\/h1>\t\t\t\t<\/div>\n\t\t\t\t<\/div>\n\t\t\t\t\t<\/div>\n\t\t<\/div>\n\t\t\t\t\t<\/div>\n\t\t<\/section>\n\t\t\t\t<section class=\"elementor-section elementor-top-section elementor-element elementor-element-bddd882 elementor-section-boxed elementor-section-height-default elementor-section-height-default\" data-id=\"bddd882\" data-element_type=\"section\">\n\t\t\t\t\t\t<div class=\"elementor-container elementor-column-gap-default\">\n\t\t\t\t\t<div class=\"elementor-column elementor-col-100 elementor-top-column elementor-element elementor-element-18810c6\" data-id=\"18810c6\" data-element_type=\"column\">\n\t\t\t<div class=\"elementor-widget-wrap elementor-element-populated\">\n\t\t\t\t\t\t<div class=\"elementor-element elementor-element-112ecec elementor-widget elementor-widget-heading\" data-id=\"112ecec\" data-element_type=\"widget\" data-widget_type=\"heading.default\">\n\t\t\t\t<div class=\"elementor-widget-container\">\n\t\t\t\t\t<h2 class=\"elementor-heading-title elementor-size-default\">Psychologische Intervention<\/h2>\t\t\t\t<\/div>\n\t\t\t\t<\/div>\n\t\t\t\t<div class=\"elementor-element elementor-element-5857984 elementor-widget elementor-widget-text-editor\" data-id=\"5857984\" data-element_type=\"widget\" data-widget_type=\"text-editor.default\">\n\t\t\t\t<div class=\"elementor-widget-container\">\n\t\t\t\t\t\t\t\t\t<p>Psychologische Intervention: Unterst\u00fctzung f\u00fcr pers\u00f6nliches Wachstum und Ver\u00e4nderung<\/p><p>Manchmal stehen wir vor Herausforderungen oder schwierigen Lebenssituationen, die uns \u00fcberfordern oder uns daran hindern, unser volles Potenzial auszusch\u00f6pfen. In meiner Beratungspraxis f\u00fcr psychologische Intervention biete ich Ihnen professionelle Unterst\u00fctzung, um Ihnen dabei zu helfen, diese Hindernisse zu \u00fcberwinden und positive Ver\u00e4nderungen in Ihrem Leben zu erreichen.<\/p><p>Ich arbeite mit einem ganzheitlichen Ansatz, der auf wissenschaftlichen Erkenntnissen und bew\u00e4hrten Methoden der Psychologie basiert. Gemeinsam werden wir Ihre individuellen Bed\u00fcrfnisse, Ziele und Herausforderungen besprechen und einen ma\u00dfgeschneiderten Plan entwickeln, um Ihr pers\u00f6nliches Wachstum und Ihre positive Ver\u00e4nderung zu f\u00f6rdern.<\/p><p>In einem vertraulichen und unterst\u00fctzenden Umfeld haben Sie die M\u00f6glichkeit, Ihre Gedanken, Gef\u00fchle und \u00c4ngste offen zu teilen. Ich h\u00f6re Ihnen aktiv zu und biete Ihnen professionelle Anleitung und Werkzeuge, um Ihre eigenen St\u00e4rken zu entdecken, negative Denkmuster zu \u00fcberwinden und neue Perspektiven zu entwickeln.<\/p><p>Durch verschiedene psychologische Interventionstechniken werden wir gemeinsam an der Bew\u00e4ltigung von Problemen arbeiten, negative Verhaltensmuster erkennen und neue, gesunde Bew\u00e4ltigungsstrategien erlernen. Ich werde Ihnen helfen, Ihre eigenen Ressourcen zu aktivieren und Ihre F\u00e4higkeiten zur Probleml\u00f6sung zu st\u00e4rken.<\/p><p>Psychologische Intervention umfasst verschiedene Bereiche wie Stressmanagement, Emotionsregulation, Konfliktbew\u00e4ltigung, Verbesserung der Kommunikationsf\u00e4higkeiten und vieles mehr. Meine Unterst\u00fctzung zielt darauf ab, Ihnen Werkzeuge und Techniken zu vermitteln, die Sie in Ihrem Alltag anwenden k\u00f6nnen, um langfristige positive Ver\u00e4nderungen zu erreichen.<\/p><p>Wenn Sie bereit sind, Ihre Herausforderungen anzugehen, Ihr volles Potenzial zu entfalten und ein erf\u00fclltes Leben zu f\u00fchren, stehe ich Ihnen gerne zur Seite. Vereinbaren Sie noch heute einen Termin und lassen Sie uns gemeinsam den Weg zur psychologischen Intervention und positiven Ver\u00e4nderung beginnen.<\/p>\t\t\t\t\t\t\t\t<\/div>\n\t\t\t\t<\/div>\n\t\t\t\t\t<\/div>\n\t\t<\/div>\n\t\t\t\t\t<\/div>\n\t\t<\/section>\n\t\t\t\t<\/div>\n\t\t","protected":false},"excerpt":{"rendered":"<p>Psychologische Intervention Psychologische Intervention Psychologische Intervention: Unterst\u00fctzung f\u00fcr pers\u00f6nliches Wachstum und Ver\u00e4nderung Manchmal stehen wir vor Herausforderungen oder schwierigen Lebenssituationen, die uns \u00fcberfordern oder uns daran hindern, unser volles Potenzial auszusch\u00f6pfen. In meiner Beratungspraxis f\u00fcr psychologische Intervention biete ich Ihnen professionelle Unterst\u00fctzung, um Ihnen dabei zu helfen, diese Hindernisse zu \u00fcberwinden und positive Ver\u00e4nderungen in &hellip;<\/p>\n<p class=\"read-more\"> <a class=\"\" href=\"https:\/\/renatejessen.de\/index.php\/psychologische-intervention\/\"> <span class=\"screen-reader-text\">Psychologische Intervention<\/span> Weiterlesen &raquo;<\/a><\/p>\n","protected":false},"author":1,"featured_media":0,"parent":0,"menu_order":0,"comment_status":"closed","ping_status":"closed","template":"","meta":{"site-sidebar-layout":"no-sidebar","site-content-layout":"page-builder","ast-global-header-display":"","ast-banner-title-visibility":"","ast-main-header-display":"","ast-hfb-above-header-display":"","ast-hfb-below-header-display":"","ast-hfb-mobile-header-display":"","site-post-title":"disabled","ast-breadcrumbs-content":"","ast-featured-img":"disabled","footer-sml-layout":"","theme-transparent-header-meta":"","adv-header-id-meta":"","stick-header-meta":"","header-above-stick-meta":"","header-main-stick-meta":"","header-below-stick-meta":"","footnotes":""},"class_list":["post-1290","page","type-page","status-publish","hentry"],"_links":{"self":[{"href":"https:\/\/renatejessen.de\/index.php\/wp-json\/wp\/v2\/pages\/1290","targetHints":{"allow":["GET"]}}],"collection":[{"href":"https:\/\/renatejessen.de\/index.php\/wp-json\/wp\/v2\/pages"}],"about":[{"href":"https:\/\/renatejessen.de\/index.php\/wp-json\/wp\/v2\/types\/page"}],"author":[{"embeddable":true,"href":"https:\/\/renatejessen.de\/index.php\/wp-json\/wp\/v2\/users\/1"}],"replies":[{"embeddable":true,"href":"https:\/\/renatejessen.de\/index.php\/wp-json\/wp\/v2\/comments?post=1290"}],"version-history":[{"count":16,"href":"https:\/\/renatejessen.de\/index.php\/wp-json\/wp\/v2\/pages\/1290\/revisions"}],"predecessor-version":[{"id":1498,"href":"https:\/\/renatejessen.de\/index.php\/wp-json\/wp\/v2\/pages\/1290\/revisions\/1498"}],"wp:attachment":[{"href":"https:\/\/renatejessen.de\/index.php\/wp-json\/wp\/v2\/media?parent=1290"}],"curies":[{"name":"wp","href":"https:\/\/api.w.org\/{rel}","templated":true}]}}