{"id":1509,"date":"2023-08-30T12:29:59","date_gmt":"2023-08-30T12:29:59","guid":{"rendered":"https:\/\/renatejessen.de\/?page_id=1509"},"modified":"2023-09-04T13:08:25","modified_gmt":"2023-09-04T13:08:25","slug":"begleitung-bei-trennungen","status":"publish","type":"page","link":"https:\/\/renatejessen.de\/index.php\/begleitung-bei-trennungen\/","title":{"rendered":"Begleitung bei Trennungen"},"content":{"rendered":"\t\t<div data-elementor-type=\"wp-page\" data-elementor-id=\"1509\" class=\"elementor elementor-1509\">\n\t\t\t\t\t\t<section class=\"elementor-section elementor-top-section elementor-element elementor-element-e598d39 elementor-section-boxed elementor-section-height-default elementor-section-height-default\" data-id=\"e598d39\" data-element_type=\"section\">\n\t\t\t\t\t\t<div class=\"elementor-container elementor-column-gap-default\">\n\t\t\t\t\t<div class=\"elementor-column elementor-col-100 elementor-top-column elementor-element elementor-element-bc804dd\" data-id=\"bc804dd\" data-element_type=\"column\">\n\t\t\t<div class=\"elementor-widget-wrap elementor-element-populated\">\n\t\t\t\t\t\t<section class=\"elementor-section elementor-inner-section elementor-element elementor-element-8100e3d elementor-section-boxed elementor-section-height-default elementor-section-height-default\" data-id=\"8100e3d\" data-element_type=\"section\">\n\t\t\t\t\t\t<div class=\"elementor-container elementor-column-gap-default\">\n\t\t\t\t\t<div class=\"elementor-column elementor-col-100 elementor-inner-column elementor-element elementor-element-e25ec56\" data-id=\"e25ec56\" data-element_type=\"column\">\n\t\t\t<div class=\"elementor-widget-wrap elementor-element-populated\">\n\t\t\t\t\t\t<div class=\"elementor-element elementor-element-451e56b elementor-widget elementor-widget-heading\" data-id=\"451e56b\" data-element_type=\"widget\" data-widget_type=\"heading.default\">\n\t\t\t\t<div class=\"elementor-widget-container\">\n\t\t\t\t\t<h2 class=\"elementor-heading-title elementor-size-default\">Begleitung bei Trennungen<\/h2>\t\t\t\t<\/div>\n\t\t\t\t<\/div>\n\t\t\t\t\t<\/div>\n\t\t<\/div>\n\t\t\t\t\t<\/div>\n\t\t<\/section>\n\t\t\t\t<div class=\"elementor-element elementor-element-135c2fb elementor-widget elementor-widget-text-editor\" data-id=\"135c2fb\" data-element_type=\"widget\" data-widget_type=\"text-editor.default\">\n\t\t\t\t<div class=\"elementor-widget-container\">\n\t\t\t\t\t\t\t\t\t<p>Eine Trennung zu durchleben, kann eine der schwierigsten Phasen im Leben sein. Es ist eine Zeit, in der Emotionen \u00fcberfluten, Fragen aufkommen und Ver\u00e4nderungen eintreten, die oft \u00fcberw\u00e4ltigend sind. Genau hier m\u00f6chte ich Ihnen meine Hand reichen.<\/p><p><strong>Was Sie von meiner Begleitung erwarten k\u00f6nnen:<\/strong><\/p><ul><li><strong>Ein vertrauensvoller Raum:<\/strong> In dieser herausfordernden Zeit stehe ich Ihnen als vertrauensvolle Gespr\u00e4chspartnerin zur Seite. Hier k\u00f6nnen Sie frei \u00fcber Ihre Gedanken, Gef\u00fchle und Sorgen sprechen, ohne Angst vor Verurteilung.<br \/><br \/><\/li><li><strong>Emotionale Unterst\u00fctzung:<\/strong> Trennungen bringen oft intensive Gef\u00fchle wie Trauer, Wut, Angst und Verlust mit sich. Ich werde Ihnen helfen, diese Emotionen zu verstehen, zu akzeptieren und konstruktiv damit umzugehen.<br \/><br \/><\/li><li><strong>Individuell angepasste Strategien:<\/strong> Jeder Mensch ist einzigartig, genauso wie jede Trennung. Gemeinsam werden wir individuelle Strategien entwickeln, um Ihnen dabei zu helfen, mit dieser Ver\u00e4nderung umzugehen und langsam wieder Stabilit\u00e4t zu finden.<br \/><br \/><\/li><li><strong>Perspektivenwechsel:<\/strong> Inmitten von Chaos kann es schwer sein, klar zu sehen. Ich werde Ihnen dabei helfen, neue Perspektiven zu entdecken und Wege zu finden, um gest\u00e4rkt aus dieser Situation hervorzugehen.<br \/><br \/><\/li><li><strong>Ressourcen f\u00fcr den Neuanfang:<\/strong> Gemeinsam werden wir Schritte in Richtung Ihrer neuen Zukunft planen. Ich biete Ihnen Werkzeuge an, um Ihre pers\u00f6nlichen Ziele zu setzen und zu erreichen, damit Sie sich nach dieser Trennung wieder auf den Weg des Wachstums begeben k\u00f6nnen.<\/li><\/ul><p><strong>Schritt f\u00fcr Schritt gemeinsam voran gehen<\/strong><\/p><p>Ich glaube daran, dass Sie diese Phase \u00fcberwinden k\u00f6nnen und gest\u00e4rkt daraus hervorgehen werden. Wenn Sie auf der Suche nach einer unterst\u00fctzenden Begleiterin sind, die Sie durch diesen Prozess f\u00fchrt, stehe ich Ihnen gerne zur Seite, um den Schritt in Richtung Heilung und Neuanfang zu machen.<\/p>\t\t\t\t\t\t\t\t<\/div>\n\t\t\t\t<\/div>\n\t\t\t\t\t<\/div>\n\t\t<\/div>\n\t\t\t\t\t<\/div>\n\t\t<\/section>\n\t\t\t\t<\/div>\n\t\t","protected":false},"excerpt":{"rendered":"<p>Begleitung bei Trennungen Eine Trennung zu durchleben, kann eine der schwierigsten Phasen im Leben sein. Es ist eine Zeit, in der Emotionen \u00fcberfluten, Fragen aufkommen und Ver\u00e4nderungen eintreten, die oft \u00fcberw\u00e4ltigend sind. Genau hier m\u00f6chte ich Ihnen meine Hand reichen. Was Sie von meiner Begleitung erwarten k\u00f6nnen: Ein vertrauensvoller Raum: In dieser herausfordernden Zeit stehe &hellip;<\/p>\n<p class=\"read-more\"> <a class=\"\" href=\"https:\/\/renatejessen.de\/index.php\/begleitung-bei-trennungen\/\"> <span class=\"screen-reader-text\">Begleitung bei Trennungen<\/span> Weiterlesen &raquo;<\/a><\/p>\n","protected":false},"author":1,"featured_media":0,"parent":0,"menu_order":0,"comment_status":"closed","ping_status":"closed","template":"","meta":{"site-sidebar-layout":"no-sidebar","site-content-layout":"page-builder","ast-global-header-display":"","ast-banner-title-visibility":"","ast-main-header-display":"","ast-hfb-above-header-display":"","ast-hfb-below-header-display":"","ast-hfb-mobile-header-display":"","site-post-title":"disabled","ast-breadcrumbs-content":"","ast-featured-img":"disabled","footer-sml-layout":"","theme-transparent-header-meta":"","adv-header-id-meta":"","stick-header-meta":"","header-above-stick-meta":"","header-main-stick-meta":"","header-below-stick-meta":"","footnotes":""},"class_list":["post-1509","page","type-page","status-publish","hentry"],"_links":{"self":[{"href":"https:\/\/renatejessen.de\/index.php\/wp-json\/wp\/v2\/pages\/1509","targetHints":{"allow":["GET"]}}],"collection":[{"href":"https:\/\/renatejessen.de\/index.php\/wp-json\/wp\/v2\/pages"}],"about":[{"href":"https:\/\/renatejessen.de\/index.php\/wp-json\/wp\/v2\/types\/page"}],"author":[{"embeddable":true,"href":"https:\/\/renatejessen.de\/index.php\/wp-json\/wp\/v2\/users\/1"}],"replies":[{"embeddable":true,"href":"https:\/\/renatejessen.de\/index.php\/wp-json\/wp\/v2\/comments?post=1509"}],"version-history":[{"count":13,"href":"https:\/\/renatejessen.de\/index.php\/wp-json\/wp\/v2\/pages\/1509\/revisions"}],"predecessor-version":[{"id":1537,"href":"https:\/\/renatejessen.de\/index.php\/wp-json\/wp\/v2\/pages\/1509\/revisions\/1537"}],"wp:attachment":[{"href":"https:\/\/renatejessen.de\/index.php\/wp-json\/wp\/v2\/media?parent=1509"}],"curies":[{"name":"wp","href":"https:\/\/api.w.org\/{rel}","templated":true}]}}