{"id":621,"date":"2019-04-17T10:04:40","date_gmt":"2019-04-17T10:04:40","guid":{"rendered":"http:\/\/web306.whg-server02.de\/wordpress\/index.php\/about\/"},"modified":"2023-07-10T09:53:29","modified_gmt":"2023-07-10T09:53:29","slug":"about","status":"publish","type":"page","link":"https:\/\/renatejessen.de\/index.php\/about\/","title":{"rendered":"\u00dcber mich"},"content":{"rendered":"\t\t<div data-elementor-type=\"wp-post\" data-elementor-id=\"621\" class=\"elementor elementor-621\">\n\t\t\t\t\t\t<section class=\"elementor-section elementor-top-section elementor-element elementor-element-13a93292 elementor-section-boxed elementor-section-height-default elementor-section-height-default\" data-id=\"13a93292\" data-element_type=\"section\" data-settings=\"{&quot;background_background&quot;:&quot;classic&quot;}\">\n\t\t\t\t\t\t\t<div class=\"elementor-background-overlay\"><\/div>\n\t\t\t\t\t\t\t<div class=\"elementor-container elementor-column-gap-default\">\n\t\t\t\t\t<div class=\"elementor-column elementor-col-100 elementor-top-column elementor-element elementor-element-25748b2d\" data-id=\"25748b2d\" data-element_type=\"column\">\n\t\t\t<div class=\"elementor-widget-wrap elementor-element-populated\">\n\t\t\t\t\t\t<div class=\"elementor-element elementor-element-1dca66c4 elementor-widget-divider--view-line elementor-widget elementor-widget-divider\" data-id=\"1dca66c4\" data-element_type=\"widget\" data-widget_type=\"divider.default\">\n\t\t\t\t<div class=\"elementor-widget-container\">\n\t\t\t\t\t\t\t<div class=\"elementor-divider\">\n\t\t\t<span class=\"elementor-divider-separator\">\n\t\t\t\t\t\t<\/span>\n\t\t<\/div>\n\t\t\t\t\t\t<\/div>\n\t\t\t\t<\/div>\n\t\t\t\t<div class=\"elementor-element elementor-element-253d822f elementor-widget elementor-widget-heading\" data-id=\"253d822f\" data-element_type=\"widget\" data-widget_type=\"heading.default\">\n\t\t\t\t<div class=\"elementor-widget-container\">\n\t\t\t\t\t<h2 class=\"elementor-heading-title elementor-size-default\">\u00dcber mich<\/h2>\t\t\t\t<\/div>\n\t\t\t\t<\/div>\n\t\t\t\t\t<\/div>\n\t\t<\/div>\n\t\t\t\t\t<\/div>\n\t\t<\/section>\n\t\t\t\t<section class=\"elementor-section elementor-top-section elementor-element elementor-element-758d8c04 elementor-section-content-middle elementor-section-boxed elementor-section-height-default elementor-section-height-default\" data-id=\"758d8c04\" data-element_type=\"section\" data-settings=\"{&quot;background_background&quot;:&quot;classic&quot;}\">\n\t\t\t\t\t\t<div class=\"elementor-container elementor-column-gap-wide\">\n\t\t\t\t\t<div class=\"elementor-column elementor-col-33 elementor-top-column elementor-element elementor-element-43ba58ae\" data-id=\"43ba58ae\" data-element_type=\"column\">\n\t\t\t<div class=\"elementor-widget-wrap elementor-element-populated\">\n\t\t\t\t\t\t<div class=\"elementor-element elementor-element-82f9958 elementor-widget elementor-widget-image\" data-id=\"82f9958\" data-element_type=\"widget\" data-widget_type=\"image.default\">\n\t\t\t\t<div class=\"elementor-widget-container\">\n\t\t\t\t\t\t\t\t\t\t\t\t\t\t\t<img fetchpriority=\"high\" decoding=\"async\" width=\"684\" height=\"1024\" src=\"https:\/\/renatejessen.de\/wp-content\/uploads\/2023\/06\/0d1082d0-1-min-684x1024.jpg\" class=\"attachment-large size-large wp-image-1212\" alt=\"\" srcset=\"https:\/\/renatejessen.de\/wp-content\/uploads\/2023\/06\/0d1082d0-1-min-684x1024.jpg 684w, https:\/\/renatejessen.de\/wp-content\/uploads\/2023\/06\/0d1082d0-1-min-200x300.jpg 200w, https:\/\/renatejessen.de\/wp-content\/uploads\/2023\/06\/0d1082d0-1-min-768x1151.jpg 768w, https:\/\/renatejessen.de\/wp-content\/uploads\/2023\/06\/0d1082d0-1-min-1025x1536.jpg 1025w, https:\/\/renatejessen.de\/wp-content\/uploads\/2023\/06\/0d1082d0-1-min.jpg 1080w\" sizes=\"(max-width: 684px) 100vw, 684px\" \/>\t\t\t\t\t\t\t\t\t\t\t\t\t\t\t<\/div>\n\t\t\t\t<\/div>\n\t\t\t\t\t<\/div>\n\t\t<\/div>\n\t\t\t\t<div class=\"elementor-column elementor-col-66 elementor-top-column elementor-element elementor-element-15249d1d\" data-id=\"15249d1d\" data-element_type=\"column\">\n\t\t\t<div class=\"elementor-widget-wrap elementor-element-populated\">\n\t\t\t\t\t\t<div class=\"elementor-element elementor-element-13a9b180 elementor-widget elementor-widget-text-editor\" data-id=\"13a9b180\" data-element_type=\"widget\" data-widget_type=\"text-editor.default\">\n\t\t\t\t<div class=\"elementor-widget-container\">\n\t\t\t\t\t\t\t\t\t<p>Wer Menschen helfen will, muss ihnen mit Empathie, Aufgeschlossenheit, Respekt und Interesse begegnen. F\u00fcr ihre individuelle Geschichte, ihre \u00c4ngste, Verletzungen und W\u00fcnsche. Ich verstehe mich als eine Art Reisebegleiterin auf Ihrem Weg zu sich selbst, die Ihnen mit viel Einf\u00fchlsamkeit helfen will, Ihr Ziel zu erreichen. Sich und Ihre F\u00e4higkeiten neu zu entdecken, um durch einen Perspektivenwechsel mehr Lebensfreude und Selbstvertrauen zu erfahren<\/p><p>Biographisches:<\/p><ul class=\"lists\"><li>Geboren 1966 in L\u00fcbeck<\/li><li>Mutter von drei Kindern<\/li><\/ul><p>Meine Angebote:<\/p><ul class=\"lists\"><li>Psychologische Intervention<\/li><li>Coaching Privat<\/li><li>Paarberatung<\/li><li>Beratung f\u00fcr M\u00fctter<\/li><li>Mobbing<\/li><li>Burnout<\/li><\/ul><p>Methoden und Ausbildungen:<\/p><ul class=\"lists\"><li>Ausbildung im Gesundheitswesen<\/li><li>Coaching-Ausbildung<\/li><li>Cambridge Coaching Academy 2008\/2009<\/li><li>Hamburger Akademie f\u00fcr Existenzanalyse und Logotherapie<\/li><li>Wertorientierte Pers\u00f6nlichkeitsbildung<\/li><li>Enneagrammarbeit<\/li><li>Imaginationsarbeit<\/li><li>Kinesiologie<\/li><li>Eigene Therapie-Erfahrungen seit 1998<\/li><li>Beratungst\u00e4tigkeit seit 2001<\/li><\/ul>\t\t\t\t\t\t\t\t<\/div>\n\t\t\t\t<\/div>\n\t\t\t\t\t<\/div>\n\t\t<\/div>\n\t\t\t\t\t<\/div>\n\t\t<\/section>\n\t\t\t\t<section class=\"elementor-section elementor-top-section elementor-element elementor-element-16793481 elementor-section-height-min-height elementor-section-items-stretch elementor-section-content-middle elementor-section-boxed elementor-section-height-default\" data-id=\"16793481\" data-element_type=\"section\" data-settings=\"{&quot;background_background&quot;:&quot;gradient&quot;,&quot;shape_divider_top&quot;:&quot;tilt&quot;}\">\n\t\t\t\t\t<div class=\"elementor-shape elementor-shape-top\" aria-hidden=\"true\" data-negative=\"false\">\n\t\t\t<svg xmlns=\"http:\/\/www.w3.org\/2000\/svg\" viewBox=\"0 0 1000 100\" preserveAspectRatio=\"none\">\n\t<path class=\"elementor-shape-fill\" d=\"M0,6V0h1000v100L0,6z\"\/>\n<\/svg>\t\t<\/div>\n\t\t\t\t\t<div class=\"elementor-container elementor-column-gap-wide\">\n\t\t\t\t\t<div class=\"elementor-column elementor-col-100 elementor-top-column elementor-element elementor-element-14115da3\" data-id=\"14115da3\" data-element_type=\"column\">\n\t\t\t<div class=\"elementor-widget-wrap elementor-element-populated\">\n\t\t\t\t\t\t<div class=\"elementor-element elementor-element-29baaefc elementor-widget elementor-widget-heading\" data-id=\"29baaefc\" data-element_type=\"widget\" data-widget_type=\"heading.default\">\n\t\t\t\t<div class=\"elementor-widget-container\">\n\t\t\t\t\t<h2 class=\"elementor-heading-title elementor-size-default\">Wie arbeite ich?<\/h2>\t\t\t\t<\/div>\n\t\t\t\t<\/div>\n\t\t\t\t<div class=\"elementor-element elementor-element-3f6f62b0 elementor-widget-divider--view-line elementor-widget elementor-widget-divider\" data-id=\"3f6f62b0\" data-element_type=\"widget\" data-widget_type=\"divider.default\">\n\t\t\t\t<div class=\"elementor-widget-container\">\n\t\t\t\t\t\t\t<div class=\"elementor-divider\">\n\t\t\t<span class=\"elementor-divider-separator\">\n\t\t\t\t\t\t<\/span>\n\t\t<\/div>\n\t\t\t\t\t\t<\/div>\n\t\t\t\t<\/div>\n\t\t\t\t<div class=\"elementor-element elementor-element-29bdfd1d elementor-widget elementor-widget-text-editor\" data-id=\"29bdfd1d\" data-element_type=\"widget\" data-widget_type=\"text-editor.default\">\n\t\t\t\t<div class=\"elementor-widget-container\">\n\t\t\t\t\t\t\t\t\t<p>Jeder Mensch ist anders. Jede Biographie auch. Deshalb erstelle ich mittels einer Pers\u00f6nlichkeitsanalyse eine \u00dcbersicht Ihrer Entwicklungsgeschichte mit Ihren Problemen, Krankheiten und Krisen. <br \/>Zu den richtigen Antworten kommt man durch die richtigen Fragen. Ich stelle sie, um Ihr Bewusstsein f\u00fcr Ihre Situation zu sch\u00e4rfen und somit die Grundlage f\u00fcr einen Perspektivenwechsel zu schaffen. Nur wer wei\u00df, wer er ist, kann auch seine St\u00e4rken, F\u00e4higkeiten und Talente entwickeln. Dazu wird Ihre Pers\u00f6nlichkeit in all ihren Facetten sorgf\u00e4ltig herausgearbeitet.<\/p><p>Wer seine eigenen Potenziale und F\u00e4higkeiten kennen gelernt hat, muss im n\u00e4chsten Schritt lernen, ihnen zu vertrauen. Durch eine \u00dcbernahme von mehr Eigenverantwortung. So wird Ihre Sinnfindung und Entwicklung gef\u00f6rdert.<\/p><p>Wer seine Sichtweisen ver\u00e4ndert, ver\u00e4ndert sich. Durch einen Perspektivenwechsel entstehen neue Perspektiven, dadurch wird auch der Wunsch zur Ver\u00e4nderung gest\u00e4rkt. Wenn mehr Lebensfreude und eine erfolgreiche Zukunft die Ziele sind, ist eine Pers\u00f6nlichkeitsanalyse der Weg. Diese bringt Sie weiter und vor allem zu sich selbst und damit in Ihre Freiheit.<\/p>\t\t\t\t\t\t\t\t<\/div>\n\t\t\t\t<\/div>\n\t\t\t\t\t<\/div>\n\t\t<\/div>\n\t\t\t\t\t<\/div>\n\t\t<\/section>\n\t\t\t\t<\/div>\n\t\t","protected":false},"excerpt":{"rendered":"<p>\u00dcber mich Wer Menschen helfen will, muss ihnen mit Empathie, Aufgeschlossenheit, Respekt und Interesse begegnen. F\u00fcr ihre individuelle Geschichte, ihre \u00c4ngste, Verletzungen und W\u00fcnsche. Ich verstehe mich als eine Art Reisebegleiterin auf Ihrem Weg zu sich selbst, die Ihnen mit viel Einf\u00fchlsamkeit helfen will, Ihr Ziel zu erreichen. Sich und Ihre F\u00e4higkeiten neu zu entdecken, &hellip;<\/p>\n<p class=\"read-more\"> <a class=\"\" href=\"https:\/\/renatejessen.de\/index.php\/about\/\"> <span class=\"screen-reader-text\">\u00dcber mich<\/span> Weiterlesen &raquo;<\/a><\/p>\n","protected":false},"author":1,"featured_media":0,"parent":0,"menu_order":0,"comment_status":"closed","ping_status":"closed","template":"","meta":{"site-sidebar-layout":"no-sidebar","site-content-layout":"page-builder","ast-global-header-display":"","ast-banner-title-visibility":"","ast-main-header-display":"","ast-hfb-above-header-display":"","ast-hfb-below-header-display":"","ast-hfb-mobile-header-display":"","site-post-title":"disabled","ast-breadcrumbs-content":"","ast-featured-img":"disabled","footer-sml-layout":"","theme-transparent-header-meta":"default","adv-header-id-meta":"","stick-header-meta":"","header-above-stick-meta":"","header-main-stick-meta":"","header-below-stick-meta":"","footnotes":""},"class_list":["post-621","page","type-page","status-publish","hentry"],"_links":{"self":[{"href":"https:\/\/renatejessen.de\/index.php\/wp-json\/wp\/v2\/pages\/621","targetHints":{"allow":["GET"]}}],"collection":[{"href":"https:\/\/renatejessen.de\/index.php\/wp-json\/wp\/v2\/pages"}],"about":[{"href":"https:\/\/renatejessen.de\/index.php\/wp-json\/wp\/v2\/types\/page"}],"author":[{"embeddable":true,"href":"https:\/\/renatejessen.de\/index.php\/wp-json\/wp\/v2\/users\/1"}],"replies":[{"embeddable":true,"href":"https:\/\/renatejessen.de\/index.php\/wp-json\/wp\/v2\/comments?post=621"}],"version-history":[{"count":17,"href":"https:\/\/renatejessen.de\/index.php\/wp-json\/wp\/v2\/pages\/621\/revisions"}],"predecessor-version":[{"id":1434,"href":"https:\/\/renatejessen.de\/index.php\/wp-json\/wp\/v2\/pages\/621\/revisions\/1434"}],"wp:attachment":[{"href":"https:\/\/renatejessen.de\/index.php\/wp-json\/wp\/v2\/media?parent=621"}],"curies":[{"name":"wp","href":"https:\/\/api.w.org\/{rel}","templated":true}]}}